{"id":412,"date":"2024-03-04T18:13:49","date_gmt":"2024-03-04T18:13:49","guid":{"rendered":"https:\/\/beatriztranslations.com\/?page_id=412"},"modified":"2025-02-21T13:52:34","modified_gmt":"2025-02-21T13:52:34","slug":"portfolio","status":"publish","type":"page","link":"https:\/\/beatriztranslations.com\/en\/portfolio\/","title":{"rendered":"Portfolio"},"content":{"rendered":"<div data-elementor-type=\"wp-page\" data-elementor-id=\"412\" class=\"elementor elementor-412\">\n\t\t\t\t<div class=\"elementor-element elementor-element-ceb8da4 e-flex e-con-boxed e-con e-parent\" data-id=\"ceb8da4\" data-element_type=\"container\">\n\t\t\t\t\t<div class=\"e-con-inner\">\n\t\t<div class=\"elementor-element elementor-element-b8f01a3 e-con-full e-flex e-con e-child\" data-id=\"b8f01a3\" data-element_type=\"container\">\n\t\t\t\t<div class=\"elementor-element elementor-element-e9c4469 elementor-widget__width-initial elementor-widget-tablet__width-initial elementor-widget elementor-widget-heading\" data-id=\"e9c4469\" data-element_type=\"widget\" data-widget_type=\"heading.default\">\n\t\t\t\t<div class=\"elementor-widget-container\">\n\t\t\t\t\t<h2 class=\"elementor-heading-title elementor-size-default\">Besides many corporate texts and other types of texts, I have also worked on these projects:<\/h2>\t\t\t\t<\/div>\n\t\t\t\t<\/div>\n\t\t\t\t<\/div>\n\t\t\t\t\t<\/div>\n\t\t\t\t<\/div>\n\t\t<div class=\"elementor-element elementor-element-2e49619 e-flex e-con-boxed e-con e-parent\" data-id=\"2e49619\" data-element_type=\"container\">\n\t\t\t\t\t<div class=\"e-con-inner\">\n\t\t<div class=\"elementor-element elementor-element-b3d77e6 e-con-full e-flex e-con e-child\" data-id=\"b3d77e6\" data-element_type=\"container\">\n\t\t\t\t<div class=\"elementor-element elementor-element-9c69d99 elementor-position-top elementor-widget elementor-widget-image-box\" data-id=\"9c69d99\" data-element_type=\"widget\" data-widget_type=\"image-box.default\">\n\t\t\t\t<div class=\"elementor-widget-container\">\n\t\t\t\t\t<div class=\"elementor-image-box-wrapper\"><figure class=\"elementor-image-box-img\"><img fetchpriority=\"high\" decoding=\"async\" width=\"301\" height=\"445\" src=\"https:\/\/beatriztranslations.com\/wp-content\/uploads\/2024\/06\/41h-BGpknQL._SY445_SX342_.jpg\" class=\"attachment-full size-full wp-image-797\" alt=\"\" srcset=\"https:\/\/beatriztranslations.com\/wp-content\/uploads\/2024\/06\/41h-BGpknQL._SY445_SX342_.jpg 301w, https:\/\/beatriztranslations.com\/wp-content\/uploads\/2024\/06\/41h-BGpknQL._SY445_SX342_-203x300.jpg 203w, https:\/\/beatriztranslations.com\/wp-content\/uploads\/2024\/06\/41h-BGpknQL._SY445_SX342_-8x12.jpg 8w\" sizes=\"(max-width: 301px) 100vw, 301px\" \/><\/figure><div class=\"elementor-image-box-content\"><p class=\"elementor-image-box-description\">Translation of the book To Kidnap a Pope (not available in Brazil yet).\nAuthor: Ambrogio Caiani<\/p><\/div><\/div>\t\t\t\t<\/div>\n\t\t\t\t<\/div>\n\t\t\t\t<\/div>\n\t\t<div class=\"elementor-element elementor-element-9548c41 e-con-full e-flex e-con e-child\" data-id=\"9548c41\" data-element_type=\"container\">\n\t\t\t\t<\/div>\n\t\t<div class=\"elementor-element elementor-element-129efa6 e-con-full e-flex e-con e-child\" data-id=\"129efa6\" data-element_type=\"container\">\n\t\t\t\t<\/div>\n\t\t<div class=\"elementor-element elementor-element-1339812 e-con-full e-flex e-con e-child\" data-id=\"1339812\" data-element_type=\"container\">\n\t\t\t\t<\/div>\n\t\t\t\t\t<\/div>\n\t\t\t\t<\/div>\n\t\t<div class=\"elementor-element elementor-element-0950db5 e-flex e-con-boxed e-con e-parent\" data-id=\"0950db5\" data-element_type=\"container\">\n\t\t\t\t\t<div class=\"e-con-inner\">\n\t\t<div class=\"elementor-element elementor-element-b73cf19 e-con-full e-flex e-con e-child\" data-id=\"b73cf19\" data-element_type=\"container\">\n\t\t\t\t<div class=\"elementor-element elementor-element-7fafd58 elementor-position-top elementor-widget elementor-widget-image-box\" data-id=\"7fafd58\" data-element_type=\"widget\" data-widget_type=\"image-box.default\">\n\t\t\t\t<div class=\"elementor-widget-container\">\n\t\t\t\t\t<div class=\"elementor-image-box-wrapper\"><figure class=\"elementor-image-box-img\"><a href=\"https:\/\/amzn.to\/3Xt9ho5\" tabindex=\"-1\"><img decoding=\"async\" width=\"187\" height=\"270\" src=\"https:\/\/beatriztranslations.com\/wp-content\/uploads\/2024\/09\/images.png\" class=\"attachment-large size-large wp-image-821\" alt=\"\" srcset=\"https:\/\/beatriztranslations.com\/wp-content\/uploads\/2024\/09\/images.png 187w, https:\/\/beatriztranslations.com\/wp-content\/uploads\/2024\/09\/images-8x12.png 8w\" sizes=\"(max-width: 187px) 100vw, 187px\" \/><\/a><\/figure><div class=\"elementor-image-box-content\"><p class=\"elementor-image-box-description\">Tradu\u00e7\u00e3o do livro Territ\u00f3rio Gnar: Envelhecer e continuar radical\nAutor: Steven Kotler<\/p><\/div><\/div>\t\t\t\t<\/div>\n\t\t\t\t<\/div>\n\t\t\t\t<\/div>\n\t\t<div class=\"elementor-element elementor-element-0b92e18 e-con-full e-flex e-con e-child\" data-id=\"0b92e18\" data-element_type=\"container\">\n\t\t\t\t<div class=\"elementor-element elementor-element-950095c elementor-position-top elementor-widget elementor-widget-image-box\" data-id=\"950095c\" data-element_type=\"widget\" data-widget_type=\"image-box.default\">\n\t\t\t\t<div class=\"elementor-widget-container\">\n\t\t\t\t\t<div class=\"elementor-image-box-wrapper\"><figure class=\"elementor-image-box-img\"><img decoding=\"async\" width=\"308\" height=\"466\" src=\"https:\/\/beatriztranslations.com\/wp-content\/uploads\/2025\/02\/71QiLS94RnL._SY466_.jpg\" class=\"attachment-full size-full wp-image-840\" alt=\"\" srcset=\"https:\/\/beatriztranslations.com\/wp-content\/uploads\/2025\/02\/71QiLS94RnL._SY466_.jpg 308w, https:\/\/beatriztranslations.com\/wp-content\/uploads\/2025\/02\/71QiLS94RnL._SY466_-198x300.jpg 198w, https:\/\/beatriztranslations.com\/wp-content\/uploads\/2025\/02\/71QiLS94RnL._SY466_-8x12.jpg 8w\" sizes=\"(max-width: 308px) 100vw, 308px\" \/><\/figure><div class=\"elementor-image-box-content\"><p class=\"elementor-image-box-description\">Tradu\u00e7\u00e3o do livro C\u00e9rebro de escassez\nAutor: Michael Easter<\/p><\/div><\/div>\t\t\t\t<\/div>\n\t\t\t\t<\/div>\n\t\t\t\t<\/div>\n\t\t<div class=\"elementor-element elementor-element-5f08d98 e-con-full e-flex e-con e-child\" data-id=\"5f08d98\" data-element_type=\"container\">\n\t\t\t\t<div class=\"elementor-element elementor-element-103c9fb elementor-widget__width-initial elementor-position-top elementor-widget elementor-widget-image-box\" data-id=\"103c9fb\" data-element_type=\"widget\" data-widget_type=\"image-box.default\">\n\t\t\t\t<div class=\"elementor-widget-container\">\n\t\t\t\t\t<div class=\"elementor-image-box-wrapper\"><figure class=\"elementor-image-box-img\"><img loading=\"lazy\" decoding=\"async\" width=\"320\" height=\"466\" src=\"https:\/\/beatriztranslations.com\/wp-content\/uploads\/2025\/02\/71XO82OM4L._SY466_.jpg\" class=\"attachment-full size-full wp-image-841\" alt=\"\" srcset=\"https:\/\/beatriztranslations.com\/wp-content\/uploads\/2025\/02\/71XO82OM4L._SY466_.jpg 320w, https:\/\/beatriztranslations.com\/wp-content\/uploads\/2025\/02\/71XO82OM4L._SY466_-206x300.jpg 206w, https:\/\/beatriztranslations.com\/wp-content\/uploads\/2025\/02\/71XO82OM4L._SY466_-8x12.jpg 8w\" sizes=\"(max-width: 320px) 100vw, 320px\" \/><\/figure><div class=\"elementor-image-box-content\"><p class=\"elementor-image-box-description\">Tradu\u00e7\u00e3o do livro Ref\u00e9ns nunca mais\nAutora: Betsy DeVos<\/p><\/div><\/div>\t\t\t\t<\/div>\n\t\t\t\t<\/div>\n\t\t\t\t<\/div>\n\t\t<div class=\"elementor-element elementor-element-6a588c4 e-con-full e-flex e-con e-child\" data-id=\"6a588c4\" data-element_type=\"container\">\n\t\t\t\t<div class=\"elementor-element elementor-element-914b51d elementor-position-top elementor-widget elementor-widget-image-box\" data-id=\"914b51d\" data-element_type=\"widget\" data-widget_type=\"image-box.default\">\n\t\t\t\t<div class=\"elementor-widget-container\">\n\t\t\t\t\t<div class=\"elementor-image-box-wrapper\"><figure class=\"elementor-image-box-img\"><img loading=\"lazy\" decoding=\"async\" width=\"370\" height=\"543\" src=\"https:\/\/beatriztranslations.com\/wp-content\/uploads\/2024\/03\/filmes_17383_suncoast-poster.jpg\" class=\"attachment-full size-full wp-image-620\" alt=\"\" srcset=\"https:\/\/beatriztranslations.com\/wp-content\/uploads\/2024\/03\/filmes_17383_suncoast-poster.jpg 370w, https:\/\/beatriztranslations.com\/wp-content\/uploads\/2024\/03\/filmes_17383_suncoast-poster-204x300.jpg 204w\" sizes=\"(max-width: 370px) 100vw, 370px\" \/><\/figure><div class=\"elementor-image-box-content\"><p class=\"elementor-image-box-description\">Tradu\u00e7\u00e3o das legendas do filme Suncoast<br>Available on Starplus Brazil<\/p><\/div><\/div>\t\t\t\t<\/div>\n\t\t\t\t<\/div>\n\t\t\t\t<\/div>\n\t\t\t\t\t<\/div>\n\t\t\t\t<\/div>\n\t\t<div class=\"elementor-element elementor-element-6a844ab e-flex e-con-boxed e-con e-parent\" data-id=\"6a844ab\" data-element_type=\"container\">\n\t\t\t\t\t<div class=\"e-con-inner\">\n\t\t\t\t<div class=\"elementor-element elementor-element-987ae68 elementor-align-center elementor-widget elementor-widget-button\" data-id=\"987ae68\" data-element_type=\"widget\" data-widget_type=\"button.default\">\n\t\t\t\t<div class=\"elementor-widget-container\">\n\t\t\t\t\t\t\t\t\t<div class=\"elementor-button-wrapper\">\n\t\t\t\t\t<a class=\"elementor-button elementor-button-link elementor-size-md elementor-animation-grow\" href=\"https:\/\/beatriztranslations.com\/en\/contato\/\">\n\t\t\t\t\t\t<span class=\"elementor-button-content-wrapper\">\n\t\t\t\t\t\t\t\t\t<span class=\"elementor-button-text\">Get in touch<\/span>\n\t\t\t\t\t<\/span>\n\t\t\t\t\t<\/a>\n\t\t\t\t<\/div>\n\t\t\t\t\t\t\t\t<\/div>\n\t\t\t\t<\/div>\n\t\t\t\t\t<\/div>\n\t\t\t\t<\/div>\n\t\t<div class=\"elementor-element elementor-element-2bdb2cf e-flex e-con-boxed e-con e-parent\" data-id=\"2bdb2cf\" data-element_type=\"container\" data-settings=\"{&quot;background_background&quot;:&quot;classic&quot;}\">\n\t\t\t\t\t<div class=\"e-con-inner\">\n\t\t\t\t<div class=\"elementor-element elementor-element-ca37388 elementor-widget elementor-widget-heading\" data-id=\"ca37388\" data-element_type=\"widget\" data-widget_type=\"heading.default\">\n\t\t\t\t<div class=\"elementor-widget-container\">\n\t\t\t\t\t<h2 class=\"elementor-heading-title elementor-size-default\">\"Writers make national literatures and translators make universal literatures. Without translators, we writers would be nothing. We would be condemned to live closed in our language.\"<\/h2>\t\t\t\t<\/div>\n\t\t\t\t<\/div>\n\t\t\t\t<div class=\"elementor-element elementor-element-6b20bba elementor-widget elementor-widget-text-editor\" data-id=\"6b20bba\" data-element_type=\"widget\" data-widget_type=\"text-editor.default\">\n\t\t\t\t<div class=\"elementor-widget-container\">\n\t\t\t\t\t\t\t\t\t<p>Jos\u00e9 Saramago, Brazilian writer and winner of the Nobel Prize for Literature<\/p>\t\t\t\t\t\t\t\t<\/div>\n\t\t\t\t<\/div>\n\t\t\t\t\t<\/div>\n\t\t\t\t<\/div>\n\t\t\t\t<\/div>","protected":false},"excerpt":{"rendered":"<p>Al\u00e9m de muitos textos corporativos e outros tipos de textos, eu tamb\u00e9m trabalhei nestes projetos: Tradu\u00e7\u00e3o do livro To Kidnap a Pope (ainda n\u00e3o publicado no Brasil). Autor: Ambrogio Caiani Tradu\u00e7\u00e3o do livro Territ\u00f3rio Gnar: Envelhecer e continuar radical Autor: Steven Kotler Tradu\u00e7\u00e3o do livro C\u00e9rebro de escassez Autor: Michael Easter Tradu\u00e7\u00e3o do livro Ref\u00e9ns [&hellip;]<\/p>","protected":false},"author":1,"featured_media":0,"parent":0,"menu_order":0,"comment_status":"closed","ping_status":"closed","template":"elementor_header_footer","meta":{"om_disable_all_campaigns":false,"_monsterinsights_skip_tracking":false,"_monsterinsights_sitenote_active":false,"_monsterinsights_sitenote_note":"","_monsterinsights_sitenote_category":0,"_uf_show_specific_survey":0,"_uf_disable_surveys":false,"footnotes":""},"class_list":["post-412","page","type-page","status-publish","hentry"],"aioseo_notices":[],"_links":{"self":[{"href":"https:\/\/beatriztranslations.com\/en\/wp-json\/wp\/v2\/pages\/412","targetHints":{"allow":["GET"]}}],"collection":[{"href":"https:\/\/beatriztranslations.com\/en\/wp-json\/wp\/v2\/pages"}],"about":[{"href":"https:\/\/beatriztranslations.com\/en\/wp-json\/wp\/v2\/types\/page"}],"author":[{"embeddable":true,"href":"https:\/\/beatriztranslations.com\/en\/wp-json\/wp\/v2\/users\/1"}],"replies":[{"embeddable":true,"href":"https:\/\/beatriztranslations.com\/en\/wp-json\/wp\/v2\/comments?post=412"}],"version-history":[{"count":52,"href":"https:\/\/beatriztranslations.com\/en\/wp-json\/wp\/v2\/pages\/412\/revisions"}],"predecessor-version":[{"id":845,"href":"https:\/\/beatriztranslations.com\/en\/wp-json\/wp\/v2\/pages\/412\/revisions\/845"}],"wp:attachment":[{"href":"https:\/\/beatriztranslations.com\/en\/wp-json\/wp\/v2\/media?parent=412"}],"curies":[{"name":"wp","href":"https:\/\/api.w.org\/{rel}","templated":true}]}}